{"id":10187,"date":"2025-04-01T15:15:48","date_gmt":"2025-04-01T14:15:48","guid":{"rendered":"https:\/\/aedesgazette.aedessa.be\/?page_id=10187"},"modified":"2025-04-16T08:44:49","modified_gmt":"2025-04-16T07:44:49","slug":"young-brokers-23-04","status":"publish","type":"page","link":"https:\/\/aedesgazette.aedessa.be\/nl\/young-brokers-23-04\/","title":{"rendered":"Young Brokers 23\/04"},"content":{"rendered":"\n<p>Bij <strong>Aedes <\/strong>geloven we dat <strong>innovatieve beloningsstrategie\u00ebn<\/strong> de sleutel zijn tot een succesvolle toekomst in de makelaardij. Daarom presenteert Sodalis op <strong>woensdag 23 april <\/strong>haar baanbrekende programma voor alternatieve beloningen, speciaal afgestemd op de behoeften en aspiraties van professionals in deze branche.<br><br>Dit programma <strong>biedt een frisse kijk<\/strong> op hoe beloningen niet alleen kunnen motiveren, maar ook een gevoel van waardering en verbondenheid kunnen cre\u00ebren.<br><br>Tijdens het evenement delen we inspirerende idee\u00ebn en strategie\u00ebn om werknemers effectief aan <strong>te trekken<\/strong>, <strong>te waarderen<\/strong> en <strong>te behouden<\/strong>. Sodalis nodigt je uit om deel te nemen aan deze ontdekkingsreis naar een moderne aanpak van werk en beloning, waarbij innovatie en betrokkenheid de basis vormen.<\/p>\n\n\n\n<p><strong>Schrijf je in v\u00f3\u00f3r vrijdag 18 april!<\/strong><\/p>\n\n\n<div class=\"wpforms-container wpforms-container-full wpforms-block wpforms-block-9fcfbc13-374b-470a-9d6d-977943a155be\" id=\"wpforms-10184\"><form id=\"wpforms-form-10184\" class=\"wpforms-validate wpforms-form wpforms-ajax-form\" data-formid=\"10184\" method=\"post\" enctype=\"multipart\/form-data\" action=\"\/nl\/wp-json\/wp\/v2\/pages\/10187\" data-token=\"0a9163657c7f77425eba795fdcfac90c\" data-token-time=\"1777619808\"><noscript class=\"wpforms-error-noscript\">Schakel JavaScript in je browser in om dit formulier in te vullen.<\/noscript><div class=\"wpforms-field-container\"><div id=\"wpforms-10184-field_22-container\" class=\"wpforms-field wpforms-field-text\" data-field-id=\"22\"><label class=\"wpforms-field-label\" for=\"wpforms-10184-field_22\">We nodigen je uit om je vragen of aandachtspunten via dit formulier door te geven:<\/label><input type=\"text\" id=\"wpforms-10184-field_22\" class=\"wpforms-field-medium\" name=\"wpforms[fields][22]\" ><\/div><div id=\"wpforms-10184-field_4-container\" class=\"wpforms-field wpforms-field-text\" data-field-id=\"4\"><label class=\"wpforms-field-label\" for=\"wpforms-10184-field_4\">Naam <span class=\"wpforms-required-label\">*<\/span><\/label><input type=\"text\" id=\"wpforms-10184-field_4\" class=\"wpforms-field-medium wpforms-field-required\" name=\"wpforms[fields][4]\" required><\/div><div id=\"wpforms-10184-field_5-container\" class=\"wpforms-field wpforms-field-text\" data-field-id=\"5\"><label class=\"wpforms-field-label\" for=\"wpforms-10184-field_5\">Voornaam <span class=\"wpforms-required-label\">*<\/span><\/label><input type=\"text\" id=\"wpforms-10184-field_5\" class=\"wpforms-field-medium wpforms-field-required\" name=\"wpforms[fields][5]\" required><\/div><div id=\"wpforms-10184-field_7-container\" class=\"wpforms-field wpforms-field-text\" data-field-id=\"7\"><label class=\"wpforms-field-label\" for=\"wpforms-10184-field_7\">Kantoor <span class=\"wpforms-required-label\">*<\/span><\/label><input type=\"text\" id=\"wpforms-10184-field_7\" class=\"wpforms-field-medium wpforms-field-required\" name=\"wpforms[fields][7]\" required><\/div><div id=\"wpforms-10184-field_6-container\" class=\"wpforms-field wpforms-field-text\" data-field-id=\"6\"><label class=\"wpforms-field-label\" for=\"wpforms-10184-field_6\">Aedes agentschapnummer  <span class=\"wpforms-required-label\">*<\/span><\/label><input type=\"text\" id=\"wpforms-10184-field_6\" class=\"wpforms-field-medium wpforms-field-required\" name=\"wpforms[fields][6]\" required><\/div><div id=\"wpforms-10184-field_19-container\" class=\"wpforms-field wpforms-field-select wpforms-field-select-style-classic\" data-field-id=\"19\"><label class=\"wpforms-field-label\" for=\"wpforms-10184-field_19\">Naam accountmanager<\/label><select id=\"wpforms-10184-field_19\" class=\"wpforms-field-medium\" name=\"wpforms[fields][19]\"><option value=\"Kies\" >Kies<\/option><option value=\"Alexander\" >Alexander<\/option><option value=\"Diether\" >Diether<\/option><option value=\"Eva\" >Eva<\/option><option value=\"Ruben\" >Ruben<\/option><option value=\"Sander\" >Sander<\/option><option value=\"Paulien\" >Paulien<\/option><option value=\"Ik weet het niet, maar hij is echt leuk!\" >Ik weet het niet, maar hij is echt leuk!<\/option><\/select><\/div><div id=\"wpforms-10184-field_8-container\" class=\"wpforms-field wpforms-field-email\" data-field-id=\"8\"><label class=\"wpforms-field-label\" for=\"wpforms-10184-field_8\">Email <span class=\"wpforms-required-label\">*<\/span><\/label><input type=\"email\" id=\"wpforms-10184-field_8\" class=\"wpforms-field-medium wpforms-field-required\" name=\"wpforms[fields][8]\" spellcheck=\"false\" required><\/div><div id=\"wpforms-10184-field_9-container\" class=\"wpforms-field wpforms-field-phone\" data-field-id=\"9\"><label class=\"wpforms-field-label\" for=\"wpforms-10184-field_9\">GSM  <span class=\"wpforms-required-label\">*<\/span><\/label><input type=\"tel\" id=\"wpforms-10184-field_9\" class=\"wpforms-field-medium wpforms-field-required\" data-rule-int-phone-field=\"true\" name=\"wpforms[fields][9]\" aria-label=\"GSM \" required><\/div><\/div><!-- .wpforms-field-container --><div class=\"wpforms-submit-container\" ><input type=\"hidden\" name=\"wpforms[id]\" value=\"10184\"><input type=\"hidden\" name=\"page_title\" value=\"\"><input type=\"hidden\" name=\"page_url\" value=\"https:\/\/aedesgazette.aedessa.be\/nl\/wp-json\/wp\/v2\/pages\/10187\"><button type=\"submit\" name=\"wpforms[submit]\" id=\"wpforms-submit-10184\" class=\"wpforms-submit\" data-alt-text=\"Verzending...\" data-submit-text=\"Sturen\" aria-live=\"assertive\" value=\"wpforms-submit\">Sturen<\/button><img  loading=\"lazy\"  decoding=\"async\"  src=\"data:image\/png;base64,iVBORw0KGgoAAAANSUhEUgAAAAEAAAABAQMAAAAl21bKAAAAA1BMVEUAAP+KeNJXAAAAAXRSTlMAQObYZgAAAAlwSFlzAAAOxAAADsQBlSsOGwAAAApJREFUCNdjYAAAAAIAAeIhvDMAAAAASUVORK5CYII=\"  class=\"wpforms-submit-spinner pk-lazyload\"  style=\"display: none;\"  width=\"26\"  height=\"26\"  alt=\"Bezig met laden\"  data-pk-sizes=\"auto\"  data-pk-src=\"https:\/\/aedesgazette.aedessa.be\/wp-content\/plugins\/wpforms\/assets\/images\/submit-spin.svg\" ><\/div><\/form><\/div>  <!-- .wpforms-container -->","protected":false},"excerpt":{"rendered":"Bij Aedes geloven we dat innovatieve beloningsstrategie\u00ebn de sleutel zijn tot een succesvolle toekomst in de makelaardij. Daarom&hellip;\n","protected":false},"author":17,"featured_media":10192,"parent":0,"menu_order":0,"comment_status":"closed","ping_status":"closed","template":"","meta":{"footnotes":""},"class_list":{"0":"post-10187","1":"page","2":"type-page","3":"status-publish","4":"has-post-thumbnail","6":"cs-entry","7":"cs-video-wrap"},"yoast_head":"<!-- This site is optimized with the Yoast SEO plugin v27.2 - https:\/\/yoast.com\/product\/yoast-seo-wordpress\/ -->\n<title>Young Brokers 23\/04 - Aedes Gazette<\/title>\n<meta name=\"robots\" content=\"noindex, follow, max-snippet:-1, max-image-preview:large, max-video-preview:-1\" \/>\n<meta property=\"og:locale\" content=\"nl_NL\" \/>\n<meta property=\"og:type\" content=\"article\" \/>\n<meta property=\"og:title\" content=\"Young Brokers 23\/04 - Aedes Gazette\" \/>\n<meta property=\"og:description\" content=\"Bij Aedes geloven we dat innovatieve beloningsstrategie\u00ebn de sleutel zijn tot een succesvolle toekomst in de makelaardij. Daarom&hellip;\" \/>\n<meta property=\"og:url\" content=\"https:\/\/aedesgazette.aedessa.be\/nl\/young-brokers-23-04\/\" \/>\n<meta property=\"og:site_name\" content=\"Aedes Gazette\" \/>\n<meta property=\"article:modified_time\" content=\"2025-04-16T07:44:49+00:00\" \/>\n<meta property=\"og:image\" content=\"https:\/\/aedesgazette.aedessa.be\/wp-content\/uploads\/2025\/04\/youngBrokerV22.jpg\" \/>\n\t<meta property=\"og:image:width\" content=\"1333\" \/>\n\t<meta property=\"og:image:height\" content=\"1333\" \/>\n\t<meta property=\"og:image:type\" content=\"image\/jpeg\" \/>\n<meta name=\"twitter:card\" content=\"summary_large_image\" \/>\n<meta name=\"twitter:label1\" content=\"Geschatte leestijd\" \/>\n\t<meta name=\"twitter:data1\" content=\"1 minuut\" \/>\n<script type=\"application\/ld+json\" class=\"yoast-schema-graph\">{\"@context\":\"https:\/\/schema.org\",\"@graph\":[{\"@type\":\"WebPage\",\"@id\":\"https:\/\/aedesgazette.aedessa.be\/nl\/young-brokers-23-04\/\",\"url\":\"https:\/\/aedesgazette.aedessa.be\/nl\/young-brokers-23-04\/\",\"name\":\"Young Brokers 23\/04 - Aedes Gazette\",\"isPartOf\":{\"@id\":\"https:\/\/aedesgazette.aedessa.be\/#website\"},\"primaryImageOfPage\":{\"@id\":\"https:\/\/aedesgazette.aedessa.be\/nl\/young-brokers-23-04\/#primaryimage\"},\"image\":{\"@id\":\"https:\/\/aedesgazette.aedessa.be\/nl\/young-brokers-23-04\/#primaryimage\"},\"thumbnailUrl\":\"https:\/\/aedesgazette.aedessa.be\/wp-content\/uploads\/2025\/04\/youngBrokerV22.jpg\",\"datePublished\":\"2025-04-01T14:15:48+00:00\",\"dateModified\":\"2025-04-16T07:44:49+00:00\",\"breadcrumb\":{\"@id\":\"https:\/\/aedesgazette.aedessa.be\/nl\/young-brokers-23-04\/#breadcrumb\"},\"inLanguage\":\"nl-NL\",\"potentialAction\":[{\"@type\":\"ReadAction\",\"target\":[\"https:\/\/aedesgazette.aedessa.be\/nl\/young-brokers-23-04\/\"]}]},{\"@type\":\"ImageObject\",\"inLanguage\":\"nl-NL\",\"@id\":\"https:\/\/aedesgazette.aedessa.be\/nl\/young-brokers-23-04\/#primaryimage\",\"url\":\"https:\/\/aedesgazette.aedessa.be\/wp-content\/uploads\/2025\/04\/youngBrokerV22.jpg\",\"contentUrl\":\"https:\/\/aedesgazette.aedessa.be\/wp-content\/uploads\/2025\/04\/youngBrokerV22.jpg\",\"width\":1333,\"height\":1333},{\"@type\":\"BreadcrumbList\",\"@id\":\"https:\/\/aedesgazette.aedessa.be\/nl\/young-brokers-23-04\/#breadcrumb\",\"itemListElement\":[{\"@type\":\"ListItem\",\"position\":1,\"name\":\"Home\",\"item\":\"https:\/\/aedesgazette.aedessa.be\/\"},{\"@type\":\"ListItem\",\"position\":2,\"name\":\"Young Brokers 23\/04\"}]},{\"@type\":\"WebSite\",\"@id\":\"https:\/\/aedesgazette.aedessa.be\/#website\",\"url\":\"https:\/\/aedesgazette.aedessa.be\/\",\"name\":\"Aedes Gazette\",\"description\":\"\",\"potentialAction\":[{\"@type\":\"SearchAction\",\"target\":{\"@type\":\"EntryPoint\",\"urlTemplate\":\"https:\/\/aedesgazette.aedessa.be\/?s={search_term_string}\"},\"query-input\":{\"@type\":\"PropertyValueSpecification\",\"valueRequired\":true,\"valueName\":\"search_term_string\"}}],\"inLanguage\":\"nl-NL\"}]}<\/script>\n<!-- \/ Yoast SEO plugin. -->","yoast_head_json":{"title":"Young Brokers 23\/04 - Aedes Gazette","robots":{"index":"noindex","follow":"follow","max-snippet":"max-snippet:-1","max-image-preview":"max-image-preview:large","max-video-preview":"max-video-preview:-1"},"og_locale":"nl_NL","og_type":"article","og_title":"Young Brokers 23\/04 - Aedes Gazette","og_description":"Bij Aedes geloven we dat innovatieve beloningsstrategie\u00ebn de sleutel zijn tot een succesvolle toekomst in de makelaardij. Daarom&hellip;","og_url":"https:\/\/aedesgazette.aedessa.be\/nl\/young-brokers-23-04\/","og_site_name":"Aedes Gazette","article_modified_time":"2025-04-16T07:44:49+00:00","og_image":[{"width":1333,"height":1333,"url":"https:\/\/aedesgazette.aedessa.be\/wp-content\/uploads\/2025\/04\/youngBrokerV22.jpg","type":"image\/jpeg"}],"twitter_card":"summary_large_image","twitter_misc":{"Geschatte leestijd":"1 minuut"},"schema":{"@context":"https:\/\/schema.org","@graph":[{"@type":"WebPage","@id":"https:\/\/aedesgazette.aedessa.be\/nl\/young-brokers-23-04\/","url":"https:\/\/aedesgazette.aedessa.be\/nl\/young-brokers-23-04\/","name":"Young Brokers 23\/04 - Aedes Gazette","isPartOf":{"@id":"https:\/\/aedesgazette.aedessa.be\/#website"},"primaryImageOfPage":{"@id":"https:\/\/aedesgazette.aedessa.be\/nl\/young-brokers-23-04\/#primaryimage"},"image":{"@id":"https:\/\/aedesgazette.aedessa.be\/nl\/young-brokers-23-04\/#primaryimage"},"thumbnailUrl":"https:\/\/aedesgazette.aedessa.be\/wp-content\/uploads\/2025\/04\/youngBrokerV22.jpg","datePublished":"2025-04-01T14:15:48+00:00","dateModified":"2025-04-16T07:44:49+00:00","breadcrumb":{"@id":"https:\/\/aedesgazette.aedessa.be\/nl\/young-brokers-23-04\/#breadcrumb"},"inLanguage":"nl-NL","potentialAction":[{"@type":"ReadAction","target":["https:\/\/aedesgazette.aedessa.be\/nl\/young-brokers-23-04\/"]}]},{"@type":"ImageObject","inLanguage":"nl-NL","@id":"https:\/\/aedesgazette.aedessa.be\/nl\/young-brokers-23-04\/#primaryimage","url":"https:\/\/aedesgazette.aedessa.be\/wp-content\/uploads\/2025\/04\/youngBrokerV22.jpg","contentUrl":"https:\/\/aedesgazette.aedessa.be\/wp-content\/uploads\/2025\/04\/youngBrokerV22.jpg","width":1333,"height":1333},{"@type":"BreadcrumbList","@id":"https:\/\/aedesgazette.aedessa.be\/nl\/young-brokers-23-04\/#breadcrumb","itemListElement":[{"@type":"ListItem","position":1,"name":"Home","item":"https:\/\/aedesgazette.aedessa.be\/"},{"@type":"ListItem","position":2,"name":"Young Brokers 23\/04"}]},{"@type":"WebSite","@id":"https:\/\/aedesgazette.aedessa.be\/#website","url":"https:\/\/aedesgazette.aedessa.be\/","name":"Aedes Gazette","description":"","potentialAction":[{"@type":"SearchAction","target":{"@type":"EntryPoint","urlTemplate":"https:\/\/aedesgazette.aedessa.be\/?s={search_term_string}"},"query-input":{"@type":"PropertyValueSpecification","valueRequired":true,"valueName":"search_term_string"}}],"inLanguage":"nl-NL"}]}},"_links":{"self":[{"href":"https:\/\/aedesgazette.aedessa.be\/nl\/wp-json\/wp\/v2\/pages\/10187","targetHints":{"allow":["GET"]}}],"collection":[{"href":"https:\/\/aedesgazette.aedessa.be\/nl\/wp-json\/wp\/v2\/pages"}],"about":[{"href":"https:\/\/aedesgazette.aedessa.be\/nl\/wp-json\/wp\/v2\/types\/page"}],"author":[{"embeddable":true,"href":"https:\/\/aedesgazette.aedessa.be\/nl\/wp-json\/wp\/v2\/users\/17"}],"replies":[{"embeddable":true,"href":"https:\/\/aedesgazette.aedessa.be\/nl\/wp-json\/wp\/v2\/comments?post=10187"}],"version-history":[{"count":5,"href":"https:\/\/aedesgazette.aedessa.be\/nl\/wp-json\/wp\/v2\/pages\/10187\/revisions"}],"predecessor-version":[{"id":10244,"href":"https:\/\/aedesgazette.aedessa.be\/nl\/wp-json\/wp\/v2\/pages\/10187\/revisions\/10244"}],"wp:featuredmedia":[{"embeddable":true,"href":"https:\/\/aedesgazette.aedessa.be\/nl\/wp-json\/wp\/v2\/media\/10192"}],"wp:attachment":[{"href":"https:\/\/aedesgazette.aedessa.be\/nl\/wp-json\/wp\/v2\/media?parent=10187"}],"curies":[{"name":"wp","href":"https:\/\/api.w.org\/{rel}","templated":true}]}}