{"id":12608,"date":"2025-12-16T14:28:28","date_gmt":"2025-12-16T13:28:28","guid":{"rendered":"https:\/\/aedesgazette.aedessa.be\/?page_id=12608"},"modified":"2025-12-16T16:35:31","modified_gmt":"2025-12-16T15:35:31","slug":"kerstuitdaging-%f0%9f%8e%85","status":"publish","type":"page","link":"https:\/\/aedesgazette.aedessa.be\/nl\/kerstuitdaging-%f0%9f%8e%85\/","title":{"rendered":"Kerstuitdaging \ud83c\udf85"},"content":{"rendered":"\n<!DOCTYPE html>\n<html lang=\"fr\">\n<head>\n  <meta charset=\"UTF-8\" \/>\n  <meta name=\"viewport\" content=\"width=device-width, initial-scale=1\" \/>\n  <style>\n    body {\n      margin: 0;\n      padding: 0;\n      font-family: 'Georgia', serif;\n      background-color: #ffffff;\n      color: #1c4058 !important;\n    }\n    .container {\n      max-width: 900px;\n      margin: 40px auto;\n      padding: 40px 20px;\n      border: 1px solid #d0d0d0;\n      border-radius: 16px;\n      box-shadow: 0 4px 10px rgba(0, 0, 0, 0.05);\n      line-height: 1.7;\n      box-sizing: border-box;\n    }\n    h2 {\n      font-size: 30px;\n      margin-bottom: 30px;\n      color: #1c4058 !important;\n      text-align: center;\n    }\n    p {\n      font-size: 16px;\n      margin-bottom: 20px;\n      color: #1c4058 !important;\n    }\n    a.lien-dore {\n      color: #d7bb49 !important;\n      font-weight: normal !important;\n      text-decoration: none;\n    }\n    a.lien-dore:hover {\n      text-decoration: underline;\n    }\n    .form-wrapper {\n      margin-top: 40px;\n    }\n    \/* WPForms text color *\/\n    .wpforms-form label,\n    .wpforms-form input,\n    .wpforms-form textarea {\n      color: #1c4058 !important;\n    }\n    \/* Encadr\u00e9 dor\u00e9 avec fond clair et texte plus petit *\/\n    .encadre-dore {\n      border: 2px solid #d7bb49;\n      padding: 10px 20px;\n      border-radius: 12px;\n      color: #1c4058;\n      max-width: 700px;\n      margin: 30px auto;\n      text-align: center;\n      font-weight: bold;\n      font-size: 14px;\n      background-color: #fff9e6; \/* fond clair dor\u00e9 *\/\n      box-shadow: 0 0 10px rgba(215, 187, 73, 0.3);\n    }\n    \/* Modal pour agrandir l'image *\/\n    .modal {\n      display: none; \n      position: fixed; \n      z-index: 9999; \n      padding-top: 60px; \n      left: 0; top: 0; width: 100%; height: 100%; \n      overflow: auto; \n      background-color: rgba(0,0,0,0.8);\n    }\n    .modal-content {\n      margin: auto; \n      display: block; \n      max-width: 95%;   \/* zoom plus grand *\/\n      max-height: 95%;  \/* zoom plus grand *\/\n      border-radius: 8px;\n    }\n    .modal-close {\n      position: absolute; \n      top: 20px; \n      right: 35px; \n      color: #fff; \n      font-size: 40px; \n      font-weight: bold;\n      cursor: pointer;\n    }\n    .image-centree img {\n      max-width: 100%; \n      height: auto; \n      cursor: pointer;\n      border-radius: 8px;\n      box-shadow: 0 4px 10px rgba(0,0,0,0.1);\n      transition: transform 0.3s;\n    }\n    .image-centree img:hover {\n      transform: scale(1.35); \/* zoom progressif au survol (80%) *\/\n    }\n  <\/style>\n<\/head>\n<body>\n  <div class=\"container\">\n    <h2 id=\"all-i-want-for-christmas-is-you-%f0%9f%8e%b6%f0%9f%8e%84\">All I want for Christmas is you&#8230; \ud83c\udfb6\ud83c\udf84<\/h2>\n\n    <p>De oude man, gekleed in het rood, lijkt dit jaar een beetje hulp nodig te hebben\u2026 en blijkbaar wilde hij niet alleen verschijnen! Verschillende kerstmannen hebben zich verstopt in de foto van vandaag, en het is aan jou om ze te vinden. \ud83c\udf85<\/p>\n\n    <p>\u00c9\u00e9n afbeelding, meerdere kerstmannen en \u00e9\u00e9n vraag: <strong>hoeveel zijn het er echt?<\/strong><\/p>\n\n    <p>\n      <strong> Tel het juiste aantal kerstmannen v\u00f3\u00f3r het einde <\/strong> van de dag\u00a0en maak kans op een <strong>waardebon van \u20ac20 bij FNAC<\/strong>! Behoor je niet bij de gelukkigen? Geen zorgen!\u00a0Je maakt alsnog\u00a0kans op een <strong>exclusieve mok<\/strong> uit onze\n      <a class=\"lien-dore\" href=\"https:\/\/aedesgazette.aedessa.be\/nl\/9460\/\" target=\"_blank\">Aedes-collectie<\/a> ! \ud83c\udf81\ud83c\udf75\n    <\/p>\n\n    <div class=\"encadre-dore\">\n      Uitdaging: Geef het juiste aantal kerstmannen\n    <\/div>\n\n    <hr style=\"border: none; border-top: 1px solid #ccc; margin: 2rem 0;\">\n\n    <!-- Image centr\u00e9e avec modal -->\n    <div class=\"image-centree\">\n      <img  decoding=\"async\"  id=\"imageNoel\"  src=\"data:image\/png;base64,iVBORw0KGgoAAAANSUhEUgAAAAEAAAABAQMAAAAl21bKAAAAA1BMVEUAAP+KeNJXAAAAAXRSTlMAQObYZgAAAAlwSFlzAAAOxAAADsQBlSsOGwAAAApJREFUCNdjYAAAAAIAAeIhvDMAAAAASUVORK5CYII=\"  alt=\"Photo de No\u00ebl\"  class=\" pk-lazyload\"  data-pk-sizes=\"auto\"  data-pk-src=\"https:\/\/aedesgazette.aedessa.be\/wp-content\/uploads\/2025\/12\/noel-game-copie.jpg\" >\n    <\/div>\n\n    <!-- Modal -->\n    <div id=\"myModal\" class=\"modal\">\n      <span class=\"modal-close\">&times;<\/span>\n      <img  class=\"modal-content pk-lazyload\"  id=\"imgModal\"  src=\"data:image\/png;base64,iVBORw0KGgoAAAANSUhEUgAAAAEAAAABAQMAAAAl21bKAAAAA1BMVEUAAP+KeNJXAAAAAXRSTlMAQObYZgAAAAlwSFlzAAAOxAAADsQBlSsOGwAAAApJREFUCNdjYAAAAAIAAeIhvDMAAAAASUVORK5CYII=\"  data-pk-sizes=\"auto\"  data-pk-src=\"\" >\n    <\/div>\n\n    <hr style=\"border: none; border-top: 1px solid #ccc; margin: 2rem 0;\">\n\n    <div id=\"formulaire-cycling\" style=\"margin: 2rem 0;\">\n      <div class=\"wpforms-container wpforms-container-full\" id=\"wpforms-12586\"><form id=\"wpforms-form-12586\" class=\"wpforms-validate wpforms-form wpforms-ajax-form\" data-formid=\"12586\" method=\"post\" enctype=\"multipart\/form-data\" action=\"\/nl\/wp-json\/wp\/v2\/pages\/12608\" data-token=\"68d8107b53c934a4c9d84eb801902a9b\" data-token-time=\"1777702794\"><noscript class=\"wpforms-error-noscript\">Schakel JavaScript in je browser in om dit formulier in te vullen.<\/noscript><div class=\"wpforms-field-container\"><div id=\"wpforms-12586-field_42-container\" class=\"wpforms-field wpforms-field-text\" data-field-id=\"42\"><label class=\"wpforms-field-label\" for=\"wpforms-12586-field_42\">Hoeveel kerstmannen heb je gevonden? <span class=\"wpforms-required-label\">*<\/span><\/label><input type=\"text\" id=\"wpforms-12586-field_42\" class=\"wpforms-field-medium wpforms-field-required\" name=\"wpforms[fields][42]\" required><\/div><div id=\"wpforms-12586-field_4-container\" class=\"wpforms-field wpforms-field-text\" data-field-id=\"4\"><label class=\"wpforms-field-label\" for=\"wpforms-12586-field_4\">Naam <span class=\"wpforms-required-label\">*<\/span><\/label><input type=\"text\" id=\"wpforms-12586-field_4\" class=\"wpforms-field-medium wpforms-field-required\" name=\"wpforms[fields][4]\" required><\/div><div id=\"wpforms-12586-field_5-container\" class=\"wpforms-field wpforms-field-text\" data-field-id=\"5\"><label class=\"wpforms-field-label\" for=\"wpforms-12586-field_5\">Voornaam <span class=\"wpforms-required-label\">*<\/span><\/label><input type=\"text\" id=\"wpforms-12586-field_5\" class=\"wpforms-field-medium wpforms-field-required\" name=\"wpforms[fields][5]\" required><\/div><div id=\"wpforms-12586-field_8-container\" class=\"wpforms-field wpforms-field-email\" data-field-id=\"8\"><label class=\"wpforms-field-label\" for=\"wpforms-12586-field_8\">E-mail <span class=\"wpforms-required-label\">*<\/span><\/label><input type=\"email\" id=\"wpforms-12586-field_8\" class=\"wpforms-field-medium wpforms-field-required\" name=\"wpforms[fields][8]\" spellcheck=\"false\" required><\/div><div id=\"wpforms-12586-field_7-container\" class=\"wpforms-field wpforms-field-text\" data-field-id=\"7\"><label class=\"wpforms-field-label\" for=\"wpforms-12586-field_7\">Kantoor <span class=\"wpforms-required-label\">*<\/span><\/label><input type=\"text\" id=\"wpforms-12586-field_7\" class=\"wpforms-field-medium wpforms-field-required\" name=\"wpforms[fields][7]\" required><\/div><div id=\"wpforms-12586-field_6-container\" class=\"wpforms-field wpforms-field-text\" data-field-id=\"6\"><label class=\"wpforms-field-label\" for=\"wpforms-12586-field_6\">Aedes agentschapnummer  <span class=\"wpforms-required-label\">*<\/span><\/label><input type=\"text\" id=\"wpforms-12586-field_6\" class=\"wpforms-field-medium wpforms-field-required\" name=\"wpforms[fields][6]\" required><\/div><div id=\"wpforms-12586-field_19-container\" class=\"wpforms-field wpforms-field-select wpforms-field-select-style-classic\" data-field-id=\"19\"><label class=\"wpforms-field-label\" for=\"wpforms-12586-field_19\">Naam accountmanager<\/label><select id=\"wpforms-12586-field_19\" class=\"wpforms-field-medium\" name=\"wpforms[fields][19]\"><option value=\"kies\" >kies<\/option><option value=\"Alexander\" >Alexander<\/option><option value=\"Diether\" >Diether<\/option><option value=\"Eva\" >Eva<\/option><option value=\"Sander\" >Sander<\/option><option value=\"Paulien\" >Paulien<\/option><option value=\"Anouchka\" >Anouchka<\/option><option value=\"Ik weet het niet, maar hij is echt leuk!\" >Ik weet het niet, maar hij is echt leuk!<\/option><\/select><\/div><\/div><!-- .wpforms-field-container --><div class=\"wpforms-submit-container\" ><input type=\"hidden\" name=\"wpforms[id]\" value=\"12586\"><input type=\"hidden\" name=\"page_title\" value=\"\"><input type=\"hidden\" name=\"page_url\" value=\"https:\/\/aedesgazette.aedessa.be\/nl\/wp-json\/wp\/v2\/pages\/12608\"><button type=\"submit\" name=\"wpforms[submit]\" id=\"wpforms-submit-12586\" class=\"wpforms-submit\" data-alt-text=\"Verzending...\" data-submit-text=\"Sturen\" aria-live=\"assertive\" value=\"wpforms-submit\">Sturen<\/button><img  loading=\"lazy\"  decoding=\"async\"  src=\"data:image\/png;base64,iVBORw0KGgoAAAANSUhEUgAAAAEAAAABAQMAAAAl21bKAAAAA1BMVEUAAP+KeNJXAAAAAXRSTlMAQObYZgAAAAlwSFlzAAAOxAAADsQBlSsOGwAAAApJREFUCNdjYAAAAAIAAeIhvDMAAAAASUVORK5CYII=\"  class=\"wpforms-submit-spinner pk-lazyload\"  style=\"display: none;\"  width=\"26\"  height=\"26\"  alt=\"Bezig met laden\"  data-pk-sizes=\"auto\"  data-pk-src=\"https:\/\/aedesgazette.aedessa.be\/wp-content\/plugins\/wpforms\/assets\/images\/submit-spin.svg\" ><\/div><\/form><\/div>  <!-- .wpforms-container -->\n    <\/div>\n  <\/div>\n\n  <script>\n    \/\/ Modal pour agrandir l'image\n    const modal = document.getElementById(\"myModal\");\n    const img = document.getElementById(\"imageNoel\");\n    const modalImg = document.getElementById(\"imgModal\");\n    const span = document.getElementsByClassName(\"modal-close\")[0];\n\n    img.onclick = () => {\n      modal.style.display = \"block\";\n      modalImg.src = img.src;\n    }\n\n    span.onclick = () => {\n      modal.style.display = \"none\";\n    }\n\n    modal.onclick = (e) => {\n      if (e.target === modal) modal.style.display = \"none\";\n    }\n  <\/script>\n<\/body>\n<\/html>\n","protected":false},"excerpt":{"rendered":"All I want for Christmas is you&#8230; \ud83c\udfb6\ud83c\udf84 De oude man, gekleed in het rood, lijkt dit jaar&hellip;\n","protected":false},"author":17,"featured_media":12579,"parent":0,"menu_order":0,"comment_status":"closed","ping_status":"closed","template":"","meta":{"footnotes":""},"class_list":{"0":"post-12608","1":"page","2":"type-page","3":"status-publish","4":"has-post-thumbnail","6":"cs-entry","7":"cs-video-wrap"},"yoast_head":"<!-- This site is optimized with the Yoast SEO plugin v27.2 - https:\/\/yoast.com\/product\/yoast-seo-wordpress\/ -->\n<title>Kerstuitdaging \ud83c\udf85 - Aedes Gazette<\/title>\n<meta name=\"robots\" content=\"noindex, follow, max-snippet:-1, max-image-preview:large, max-video-preview:-1\" \/>\n<meta property=\"og:locale\" content=\"nl_NL\" \/>\n<meta property=\"og:type\" content=\"article\" \/>\n<meta property=\"og:title\" content=\"Kerstuitdaging \ud83c\udf85 - Aedes Gazette\" \/>\n<meta property=\"og:description\" content=\"All I want for Christmas is you&#8230; \ud83c\udfb6\ud83c\udf84 De oude man, gekleed in het rood, lijkt dit jaar&hellip;\" \/>\n<meta property=\"og:url\" content=\"https:\/\/aedesgazette.aedessa.be\/nl\/kerstuitdaging-\ud83c\udf85\/\" \/>\n<meta property=\"og:site_name\" content=\"Aedes Gazette\" \/>\n<meta property=\"article:modified_time\" content=\"2025-12-16T15:35:31+00:00\" \/>\n<meta property=\"og:image\" content=\"https:\/\/aedesgazette.aedessa.be\/wp-content\/uploads\/2025\/12\/mission-charlie3.jpg\" \/>\n\t<meta property=\"og:image:width\" content=\"1067\" \/>\n\t<meta property=\"og:image:height\" content=\"1067\" \/>\n\t<meta property=\"og:image:type\" content=\"image\/jpeg\" \/>\n<meta name=\"twitter:card\" content=\"summary_large_image\" \/>\n<meta name=\"twitter:label1\" content=\"Geschatte leestijd\" \/>\n\t<meta name=\"twitter:data1\" content=\"2 minuten\" \/>\n<script type=\"application\/ld+json\" class=\"yoast-schema-graph\">{\"@context\":\"https:\/\/schema.org\",\"@graph\":[{\"@type\":\"WebPage\",\"@id\":\"https:\/\/aedesgazette.aedessa.be\/nl\/kerstuitdaging-%f0%9f%8e%85\/\",\"url\":\"https:\/\/aedesgazette.aedessa.be\/nl\/kerstuitdaging-%f0%9f%8e%85\/\",\"name\":\"Kerstuitdaging \ud83c\udf85 - Aedes Gazette\",\"isPartOf\":{\"@id\":\"https:\/\/aedesgazette.aedessa.be\/#website\"},\"primaryImageOfPage\":{\"@id\":\"https:\/\/aedesgazette.aedessa.be\/nl\/kerstuitdaging-%f0%9f%8e%85\/#primaryimage\"},\"image\":{\"@id\":\"https:\/\/aedesgazette.aedessa.be\/nl\/kerstuitdaging-%f0%9f%8e%85\/#primaryimage\"},\"thumbnailUrl\":\"https:\/\/aedesgazette.aedessa.be\/wp-content\/uploads\/2025\/12\/mission-charlie3.jpg\",\"datePublished\":\"2025-12-16T13:28:28+00:00\",\"dateModified\":\"2025-12-16T15:35:31+00:00\",\"breadcrumb\":{\"@id\":\"https:\/\/aedesgazette.aedessa.be\/nl\/kerstuitdaging-%f0%9f%8e%85\/#breadcrumb\"},\"inLanguage\":\"nl-NL\",\"potentialAction\":[{\"@type\":\"ReadAction\",\"target\":[\"https:\/\/aedesgazette.aedessa.be\/nl\/kerstuitdaging-%f0%9f%8e%85\/\"]}]},{\"@type\":\"ImageObject\",\"inLanguage\":\"nl-NL\",\"@id\":\"https:\/\/aedesgazette.aedessa.be\/nl\/kerstuitdaging-%f0%9f%8e%85\/#primaryimage\",\"url\":\"https:\/\/aedesgazette.aedessa.be\/wp-content\/uploads\/2025\/12\/mission-charlie3.jpg\",\"contentUrl\":\"https:\/\/aedesgazette.aedessa.be\/wp-content\/uploads\/2025\/12\/mission-charlie3.jpg\",\"width\":1067,\"height\":1067},{\"@type\":\"BreadcrumbList\",\"@id\":\"https:\/\/aedesgazette.aedessa.be\/nl\/kerstuitdaging-%f0%9f%8e%85\/#breadcrumb\",\"itemListElement\":[{\"@type\":\"ListItem\",\"position\":1,\"name\":\"Home\",\"item\":\"https:\/\/aedesgazette.aedessa.be\/\"},{\"@type\":\"ListItem\",\"position\":2,\"name\":\"Kerstuitdaging \ud83c\udf85\"}]},{\"@type\":\"WebSite\",\"@id\":\"https:\/\/aedesgazette.aedessa.be\/#website\",\"url\":\"https:\/\/aedesgazette.aedessa.be\/\",\"name\":\"Aedes Gazette\",\"description\":\"\",\"potentialAction\":[{\"@type\":\"SearchAction\",\"target\":{\"@type\":\"EntryPoint\",\"urlTemplate\":\"https:\/\/aedesgazette.aedessa.be\/?s={search_term_string}\"},\"query-input\":{\"@type\":\"PropertyValueSpecification\",\"valueRequired\":true,\"valueName\":\"search_term_string\"}}],\"inLanguage\":\"nl-NL\"}]}<\/script>\n<!-- \/ Yoast SEO plugin. -->","yoast_head_json":{"title":"Kerstuitdaging \ud83c\udf85 - Aedes Gazette","robots":{"index":"noindex","follow":"follow","max-snippet":"max-snippet:-1","max-image-preview":"max-image-preview:large","max-video-preview":"max-video-preview:-1"},"og_locale":"nl_NL","og_type":"article","og_title":"Kerstuitdaging \ud83c\udf85 - Aedes Gazette","og_description":"All I want for Christmas is you&#8230; \ud83c\udfb6\ud83c\udf84 De oude man, gekleed in het rood, lijkt dit jaar&hellip;","og_url":"https:\/\/aedesgazette.aedessa.be\/nl\/kerstuitdaging-\ud83c\udf85\/","og_site_name":"Aedes Gazette","article_modified_time":"2025-12-16T15:35:31+00:00","og_image":[{"width":1067,"height":1067,"url":"https:\/\/aedesgazette.aedessa.be\/wp-content\/uploads\/2025\/12\/mission-charlie3.jpg","type":"image\/jpeg"}],"twitter_card":"summary_large_image","twitter_misc":{"Geschatte leestijd":"2 minuten"},"schema":{"@context":"https:\/\/schema.org","@graph":[{"@type":"WebPage","@id":"https:\/\/aedesgazette.aedessa.be\/nl\/kerstuitdaging-%f0%9f%8e%85\/","url":"https:\/\/aedesgazette.aedessa.be\/nl\/kerstuitdaging-%f0%9f%8e%85\/","name":"Kerstuitdaging \ud83c\udf85 - Aedes Gazette","isPartOf":{"@id":"https:\/\/aedesgazette.aedessa.be\/#website"},"primaryImageOfPage":{"@id":"https:\/\/aedesgazette.aedessa.be\/nl\/kerstuitdaging-%f0%9f%8e%85\/#primaryimage"},"image":{"@id":"https:\/\/aedesgazette.aedessa.be\/nl\/kerstuitdaging-%f0%9f%8e%85\/#primaryimage"},"thumbnailUrl":"https:\/\/aedesgazette.aedessa.be\/wp-content\/uploads\/2025\/12\/mission-charlie3.jpg","datePublished":"2025-12-16T13:28:28+00:00","dateModified":"2025-12-16T15:35:31+00:00","breadcrumb":{"@id":"https:\/\/aedesgazette.aedessa.be\/nl\/kerstuitdaging-%f0%9f%8e%85\/#breadcrumb"},"inLanguage":"nl-NL","potentialAction":[{"@type":"ReadAction","target":["https:\/\/aedesgazette.aedessa.be\/nl\/kerstuitdaging-%f0%9f%8e%85\/"]}]},{"@type":"ImageObject","inLanguage":"nl-NL","@id":"https:\/\/aedesgazette.aedessa.be\/nl\/kerstuitdaging-%f0%9f%8e%85\/#primaryimage","url":"https:\/\/aedesgazette.aedessa.be\/wp-content\/uploads\/2025\/12\/mission-charlie3.jpg","contentUrl":"https:\/\/aedesgazette.aedessa.be\/wp-content\/uploads\/2025\/12\/mission-charlie3.jpg","width":1067,"height":1067},{"@type":"BreadcrumbList","@id":"https:\/\/aedesgazette.aedessa.be\/nl\/kerstuitdaging-%f0%9f%8e%85\/#breadcrumb","itemListElement":[{"@type":"ListItem","position":1,"name":"Home","item":"https:\/\/aedesgazette.aedessa.be\/"},{"@type":"ListItem","position":2,"name":"Kerstuitdaging \ud83c\udf85"}]},{"@type":"WebSite","@id":"https:\/\/aedesgazette.aedessa.be\/#website","url":"https:\/\/aedesgazette.aedessa.be\/","name":"Aedes Gazette","description":"","potentialAction":[{"@type":"SearchAction","target":{"@type":"EntryPoint","urlTemplate":"https:\/\/aedesgazette.aedessa.be\/?s={search_term_string}"},"query-input":{"@type":"PropertyValueSpecification","valueRequired":true,"valueName":"search_term_string"}}],"inLanguage":"nl-NL"}]}},"_links":{"self":[{"href":"https:\/\/aedesgazette.aedessa.be\/nl\/wp-json\/wp\/v2\/pages\/12608","targetHints":{"allow":["GET"]}}],"collection":[{"href":"https:\/\/aedesgazette.aedessa.be\/nl\/wp-json\/wp\/v2\/pages"}],"about":[{"href":"https:\/\/aedesgazette.aedessa.be\/nl\/wp-json\/wp\/v2\/types\/page"}],"author":[{"embeddable":true,"href":"https:\/\/aedesgazette.aedessa.be\/nl\/wp-json\/wp\/v2\/users\/17"}],"replies":[{"embeddable":true,"href":"https:\/\/aedesgazette.aedessa.be\/nl\/wp-json\/wp\/v2\/comments?post=12608"}],"version-history":[{"count":6,"href":"https:\/\/aedesgazette.aedessa.be\/nl\/wp-json\/wp\/v2\/pages\/12608\/revisions"}],"predecessor-version":[{"id":12617,"href":"https:\/\/aedesgazette.aedessa.be\/nl\/wp-json\/wp\/v2\/pages\/12608\/revisions\/12617"}],"wp:featuredmedia":[{"embeddable":true,"href":"https:\/\/aedesgazette.aedessa.be\/nl\/wp-json\/wp\/v2\/media\/12579"}],"wp:attachment":[{"href":"https:\/\/aedesgazette.aedessa.be\/nl\/wp-json\/wp\/v2\/media?parent=12608"}],"curies":[{"name":"wp","href":"https:\/\/api.w.org\/{rel}","templated":true}]}}