{"id":12823,"date":"2026-01-26T16:10:10","date_gmt":"2026-01-26T15:10:10","guid":{"rendered":"https:\/\/aedesgazette.aedessa.be\/?page_id=12823"},"modified":"2026-03-25T13:45:19","modified_gmt":"2026-03-25T12:45:19","slug":"formulier-drop-day","status":"publish","type":"page","link":"https:\/\/aedesgazette.aedessa.be\/nl\/formulier-drop-day\/","title":{"rendered":"Formulier \ud83e\ude82"},"content":{"rendered":"\n<style>\n  \/* Media queries pour responsive *\/\n  @media (max-width: 768px) { \/* tablettes et mobiles *\/\n    .dropday-container {\n      padding: 20px !important;\n    }\n    .dropday-card {\n      flex-direction: column !important;\n      padding: 15px !important;\n    }\n    .dropday-card-text, .dropday-card-img {\n      flex: 1 1 100% !important;\n      max-width: 100% !important;\n      text-align: center !important;\n      padding: 10px !important;\n    }\n    .dropday-card-img img {\n      max-width: 180px !important;\n      max-height: 180px !important;\n    }\n    .dropday-intro {\n      font-size: 15px !important;\n    }\n    .dropday-title {\n      font-size: 24px !important;\n    }\n    .dropday-form-label {\n      text-align: center !important;\n    }\n  }\n<\/style>\n\n<!-- Section compl\u00e8te avec fond sur toute la page -->\n<div class=\"dropday-container\" style=\"background: #f4f7f9; padding: 30px; border-radius: 8px; color: #1c4058;\">\n\n  <!-- Titre centr\u00e9 et plus grand -->\n  <h2 id=\"%f0%9f%aa%82-its-drop-day\" class=\"dropday-title\" style=\"text-align: center; font-size: 28px; margin-bottom: 25px;\">\n    \ud83e\ude82 It\u2019s Drop Day !\n  <\/h2>\n\n  <!-- Texte introductif justifi\u00e9 \u00e0 gauche avec \"Compl\u00e9tez le formulaire d\u00e9di\u00e9\" en gras -->\n  <p class=\"dropday-intro\" style=\"font-size: 16px; line-height: 1.6; text-align: justify; margin-bottom: 30px;\">\n Heeft u tijdens een Drop Day een nieuwe zaak aangemaakt? <strong>Vul het daarvoor bestemde formulier in om het cadeau voor uw klant te ontvangen<\/strong>. De uitreiking verloopt via uw favoriete accountmanager . \ud83e\udd29 \ud83e\udd29\n  <\/p>\n\n  <!-- Cadre Wonder e-card avec l\u00e9ger contour -->\n  <div class=\"dropday-card\" style=\"\n    display: flex;\n    border: 1px solid #c0c0c0;\n    border-radius: 8px;\n    overflow: hidden;\n    flex-wrap: wrap;\n    align-items: center;\n    background: #f4f7f9;\n    margin-bottom: 30px;\n  \">\n\n    <!-- Texte (50%) -->\n    <div class=\"dropday-card-text\" style=\"flex: 1; padding: 25px; font-size: 16px; line-height: 1.6; min-width: 220px;\">\n      <strong>De Wonder e-cards <\/strong>zijn geldig bij zijn\/haar favoriete winkels (Zalando, IKEA, Rituals, &#8230;)! \ud83c\udf81\n      <br><br>\n      \ud83e\uddf7 <a href=\"https:\/\/wonder-ecard.be\/\" target=\"_blank\"\n           style=\"color: #1c4058; font-weight: bold; text-decoration: none;\">\n        Activeer de Wonder e-cards\n      <\/a>\n    <\/div>\n\n    <!-- Image (50%) agrandie -->\n    <div class=\"dropday-card-img\" style=\"flex: 1; display: flex; justify-content: center; align-items: center; min-width: 200px; padding: 20px;\">\n      <img decoding=\"async\" src=\"https:\/\/aedesgazette.aedessa.be\/wp-content\/uploads\/2026\/01\/WC.png\"\n           alt=\"Wonder e-card\"\n           style=\"max-width: 240px; max-height: 240px; object-fit: cover; border-radius: 8px;\">\n    <\/div>\n\n  <\/div>\n\n  <!-- Petit mot sympa au-dessus du formulaire avec soulignement -->\n  <p class=\"dropday-form-label\" style=\"font-size: 16px; font-weight: bold; margin-bottom: 15px; text-decoration: underline;\">\n    Vul hier het formulier in\n  <\/p>\n\n  <!-- Formulaire WPForms -->\n  <div style=\"margin-bottom: 30px;\">\n    <div class=\"wpforms-container wpforms-container-full\" id=\"wpforms-12830\"><form id=\"wpforms-form-12830\" class=\"wpforms-validate wpforms-form wpforms-ajax-form\" data-formid=\"12830\" method=\"post\" enctype=\"multipart\/form-data\" action=\"\/nl\/wp-json\/wp\/v2\/pages\/12823\" data-token=\"e26cbbaf68e317040c478884127fb10f\" data-token-time=\"1777714550\"><noscript class=\"wpforms-error-noscript\">Schakel JavaScript in je browser in om dit formulier in te vullen.<\/noscript><div class=\"wpforms-field-container\"><div id=\"wpforms-12830-field_12-container\" class=\"wpforms-field wpforms-field-name\" data-field-id=\"12\"><label class=\"wpforms-field-label\" for=\"wpforms-12830-field_12\">Naam <span class=\"wpforms-required-label\">*<\/span><\/label><input type=\"text\" id=\"wpforms-12830-field_12\" class=\"wpforms-field-medium wpforms-field-required\" name=\"wpforms[fields][12]\" required><\/div><div id=\"wpforms-12830-field_13-container\" class=\"wpforms-field wpforms-field-name\" data-field-id=\"13\"><label class=\"wpforms-field-label\" for=\"wpforms-12830-field_13\">Voornaam <span class=\"wpforms-required-label\">*<\/span><\/label><input type=\"text\" id=\"wpforms-12830-field_13\" class=\"wpforms-field-medium wpforms-field-required\" name=\"wpforms[fields][13]\" required><\/div><div id=\"wpforms-12830-field_17-container\" class=\"wpforms-field wpforms-field-email\" data-field-id=\"17\"><label class=\"wpforms-field-label\" for=\"wpforms-12830-field_17\">E-mail <span class=\"wpforms-required-label\">*<\/span><\/label><input type=\"email\" id=\"wpforms-12830-field_17\" class=\"wpforms-field-medium wpforms-field-required\" name=\"wpforms[fields][17]\" spellcheck=\"false\" required><\/div><div id=\"wpforms-12830-field_1-container\" class=\"wpforms-field wpforms-field-text\" data-field-id=\"1\"><label class=\"wpforms-field-label\" for=\"wpforms-12830-field_1\">Kantoor  <span class=\"wpforms-required-label\">*<\/span><\/label><input type=\"text\" id=\"wpforms-12830-field_1\" class=\"wpforms-field-medium wpforms-field-required\" name=\"wpforms[fields][1]\" required><\/div><div id=\"wpforms-12830-field_7-container\" class=\"wpforms-field wpforms-field-text\" data-field-id=\"7\"><label class=\"wpforms-field-label\" for=\"wpforms-12830-field_7\">Agentschapnummer <span class=\"wpforms-required-label\">*<\/span><\/label><input type=\"text\" id=\"wpforms-12830-field_7\" class=\"wpforms-field-medium wpforms-field-required\" name=\"wpforms[fields][7]\" required><\/div><div id=\"wpforms-12830-field_14-container\" class=\"wpforms-field wpforms-field-text\" data-field-id=\"14\"><label class=\"wpforms-field-label\" for=\"wpforms-12830-field_14\">Contractnummer <span class=\"wpforms-required-label\">*<\/span><\/label><input type=\"text\" id=\"wpforms-12830-field_14\" class=\"wpforms-field-medium wpforms-field-required\" name=\"wpforms[fields][14]\" required><\/div><div id=\"wpforms-12830-field_10-container\" class=\"wpforms-field wpforms-field-select wpforms-field-select-style-classic\" data-field-id=\"10\"><label class=\"wpforms-field-label\" for=\"wpforms-12830-field_10\">Naam accountmanager <span class=\"wpforms-required-label\">*<\/span><\/label><select id=\"wpforms-12830-field_10\" class=\"wpforms-field-medium wpforms-field-required\" name=\"wpforms[fields][10]\" required=\"required\"><option value=\"\" class=\"placeholder\" disabled  selected='selected'>Kies<\/option><option value=\"Kies\" >Kies<\/option><option value=\"Alexander\" >Alexander<\/option><option value=\"Diether\" >Diether<\/option><option value=\"Eva\" >Eva<\/option><option value=\"Sander\" >Sander<\/option><option value=\"Paulien\" >Paulien<\/option><option value=\"Anouchka\" >Anouchka<\/option><option value=\"Ik weet het niet, maar hij is echt leuk!\" >Ik weet het niet, maar hij is echt leuk!<\/option><\/select><\/div><\/div><!-- .wpforms-field-container --><div class=\"wpforms-submit-container\" ><input type=\"hidden\" name=\"wpforms[id]\" value=\"12830\"><input type=\"hidden\" name=\"page_title\" value=\"\"><input type=\"hidden\" name=\"page_url\" value=\"https:\/\/aedesgazette.aedessa.be\/nl\/wp-json\/wp\/v2\/pages\/12823\"><button type=\"submit\" name=\"wpforms[submit]\" id=\"wpforms-submit-12830\" class=\"wpforms-submit\" data-alt-text=\"In uitvoering\" data-submit-text=\"Sturen\" aria-live=\"assertive\" value=\"wpforms-submit\">Sturen<\/button><img  loading=\"lazy\"  decoding=\"async\"  src=\"data:image\/png;base64,iVBORw0KGgoAAAANSUhEUgAAAAEAAAABAQMAAAAl21bKAAAAA1BMVEUAAP+KeNJXAAAAAXRSTlMAQObYZgAAAAlwSFlzAAAOxAAADsQBlSsOGwAAAApJREFUCNdjYAAAAAIAAeIhvDMAAAAASUVORK5CYII=\"  class=\"wpforms-submit-spinner pk-lazyload\"  style=\"display: none;\"  width=\"26\"  height=\"26\"  alt=\"Bezig met laden\"  data-pk-sizes=\"auto\"  data-pk-src=\"https:\/\/aedesgazette.aedessa.be\/wp-content\/plugins\/wpforms\/assets\/images\/submit-spin.svg\" ><\/div><\/form><\/div>  <!-- .wpforms-container -->\n  <\/div>\n\n  <!-- S\u00e9parateur -->\n  <hr style=\"border: none; border-top: 1px solid #d0d0d0; margin: 40px 0;\" \/>\n\n  <!-- Texte petit format -->\n  <p style=\"font-size: 12px; line-height: 1.6;\">\n    *De campagne &#8220;Drop Day&#8221; heeft tot doel de klant van een makelaarskantoor een voordeel te bieden bij elke intekening op een product van Aedes, en dat op de volgende manier: als het profiel van de klant overeenkomt met de aanvaardingscriteria van Aedes en dat er een verzekeringsaanvraag perfect wordt ingevuld tijdens de gedefinieerde periode en dit ook wordt doorgegeven aan Aedes, wordt er een cadeaubon ter waarde van ongeveer \u20ac 20 BTW incl. aan de klant toegekend als welkomstgeschenk.<br><br>\n   Deze cadeaubon valt in de categorie\u00ebn gedefinieerd door Aedes. Het makelaarskantoor verbindt zich ertoe Aedes op de hoogte te brengen van de verzendingswijze van de cadeaubon: door persoonlijke overhandiging in het makelaarskantoor, of aan de hand van een rechtstreekse postverzending naar de klant.\n  <\/p>\n\n<\/div>\n","protected":false},"excerpt":{"rendered":"\ud83e\ude82 It\u2019s Drop Day ! Heeft u tijdens een Drop Day een nieuwe zaak aangemaakt? Vul het daarvoor&hellip;\n","protected":false},"author":17,"featured_media":12817,"parent":0,"menu_order":0,"comment_status":"closed","ping_status":"closed","template":"","meta":{"footnotes":""},"class_list":{"0":"post-12823","1":"page","2":"type-page","3":"status-publish","4":"has-post-thumbnail","6":"cs-entry","7":"cs-video-wrap"},"yoast_head":"<!-- This site is optimized with the Yoast SEO plugin v27.2 - https:\/\/yoast.com\/product\/yoast-seo-wordpress\/ -->\n<title>Formulier \ud83e\ude82 - Aedes Gazette<\/title>\n<meta name=\"robots\" content=\"noindex, follow, max-snippet:-1, max-image-preview:large, max-video-preview:-1\" \/>\n<meta property=\"og:locale\" content=\"nl_NL\" \/>\n<meta property=\"og:type\" content=\"article\" \/>\n<meta property=\"og:title\" content=\"Formulier \ud83e\ude82 - Aedes Gazette\" \/>\n<meta property=\"og:description\" content=\"\ud83e\ude82 It\u2019s Drop Day ! Heeft u tijdens een Drop Day een nieuwe zaak aangemaakt? Vul het daarvoor&hellip;\" \/>\n<meta property=\"og:url\" content=\"https:\/\/aedesgazette.aedessa.be\/nl\/formulier-drop-day\/\" \/>\n<meta property=\"og:site_name\" content=\"Aedes Gazette\" \/>\n<meta property=\"article:modified_time\" content=\"2026-03-25T12:45:19+00:00\" \/>\n<meta property=\"og:image\" content=\"https:\/\/aedesgazette.aedessa.be\/wp-content\/uploads\/2026\/01\/Aedes-DD-form.jpg\" \/>\n\t<meta property=\"og:image:width\" content=\"1000\" \/>\n\t<meta property=\"og:image:height\" content=\"1000\" \/>\n\t<meta property=\"og:image:type\" content=\"image\/jpeg\" \/>\n<meta name=\"twitter:card\" content=\"summary_large_image\" \/>\n<meta name=\"twitter:label1\" content=\"Geschatte leestijd\" \/>\n\t<meta name=\"twitter:data1\" content=\"2 minuten\" \/>\n<script type=\"application\/ld+json\" class=\"yoast-schema-graph\">{\"@context\":\"https:\/\/schema.org\",\"@graph\":[{\"@type\":\"WebPage\",\"@id\":\"https:\/\/aedesgazette.aedessa.be\/nl\/formulier-drop-day\/\",\"url\":\"https:\/\/aedesgazette.aedessa.be\/nl\/formulier-drop-day\/\",\"name\":\"Formulier \ud83e\ude82 - Aedes Gazette\",\"isPartOf\":{\"@id\":\"https:\/\/aedesgazette.aedessa.be\/#website\"},\"primaryImageOfPage\":{\"@id\":\"https:\/\/aedesgazette.aedessa.be\/nl\/formulier-drop-day\/#primaryimage\"},\"image\":{\"@id\":\"https:\/\/aedesgazette.aedessa.be\/nl\/formulier-drop-day\/#primaryimage\"},\"thumbnailUrl\":\"https:\/\/aedesgazette.aedessa.be\/wp-content\/uploads\/2026\/01\/Aedes-DD-form.jpg\",\"datePublished\":\"2026-01-26T15:10:10+00:00\",\"dateModified\":\"2026-03-25T12:45:19+00:00\",\"breadcrumb\":{\"@id\":\"https:\/\/aedesgazette.aedessa.be\/nl\/formulier-drop-day\/#breadcrumb\"},\"inLanguage\":\"nl-NL\",\"potentialAction\":[{\"@type\":\"ReadAction\",\"target\":[\"https:\/\/aedesgazette.aedessa.be\/nl\/formulier-drop-day\/\"]}]},{\"@type\":\"ImageObject\",\"inLanguage\":\"nl-NL\",\"@id\":\"https:\/\/aedesgazette.aedessa.be\/nl\/formulier-drop-day\/#primaryimage\",\"url\":\"https:\/\/aedesgazette.aedessa.be\/wp-content\/uploads\/2026\/01\/Aedes-DD-form.jpg\",\"contentUrl\":\"https:\/\/aedesgazette.aedessa.be\/wp-content\/uploads\/2026\/01\/Aedes-DD-form.jpg\",\"width\":1000,\"height\":1000},{\"@type\":\"BreadcrumbList\",\"@id\":\"https:\/\/aedesgazette.aedessa.be\/nl\/formulier-drop-day\/#breadcrumb\",\"itemListElement\":[{\"@type\":\"ListItem\",\"position\":1,\"name\":\"Home\",\"item\":\"https:\/\/aedesgazette.aedessa.be\/\"},{\"@type\":\"ListItem\",\"position\":2,\"name\":\"Formulier \ud83e\ude82\"}]},{\"@type\":\"WebSite\",\"@id\":\"https:\/\/aedesgazette.aedessa.be\/#website\",\"url\":\"https:\/\/aedesgazette.aedessa.be\/\",\"name\":\"Aedes Gazette\",\"description\":\"\",\"potentialAction\":[{\"@type\":\"SearchAction\",\"target\":{\"@type\":\"EntryPoint\",\"urlTemplate\":\"https:\/\/aedesgazette.aedessa.be\/?s={search_term_string}\"},\"query-input\":{\"@type\":\"PropertyValueSpecification\",\"valueRequired\":true,\"valueName\":\"search_term_string\"}}],\"inLanguage\":\"nl-NL\"}]}<\/script>\n<!-- \/ Yoast SEO plugin. -->","yoast_head_json":{"title":"Formulier \ud83e\ude82 - Aedes Gazette","robots":{"index":"noindex","follow":"follow","max-snippet":"max-snippet:-1","max-image-preview":"max-image-preview:large","max-video-preview":"max-video-preview:-1"},"og_locale":"nl_NL","og_type":"article","og_title":"Formulier \ud83e\ude82 - Aedes Gazette","og_description":"\ud83e\ude82 It\u2019s Drop Day ! Heeft u tijdens een Drop Day een nieuwe zaak aangemaakt? Vul het daarvoor&hellip;","og_url":"https:\/\/aedesgazette.aedessa.be\/nl\/formulier-drop-day\/","og_site_name":"Aedes Gazette","article_modified_time":"2026-03-25T12:45:19+00:00","og_image":[{"width":1000,"height":1000,"url":"https:\/\/aedesgazette.aedessa.be\/wp-content\/uploads\/2026\/01\/Aedes-DD-form.jpg","type":"image\/jpeg"}],"twitter_card":"summary_large_image","twitter_misc":{"Geschatte leestijd":"2 minuten"},"schema":{"@context":"https:\/\/schema.org","@graph":[{"@type":"WebPage","@id":"https:\/\/aedesgazette.aedessa.be\/nl\/formulier-drop-day\/","url":"https:\/\/aedesgazette.aedessa.be\/nl\/formulier-drop-day\/","name":"Formulier \ud83e\ude82 - Aedes Gazette","isPartOf":{"@id":"https:\/\/aedesgazette.aedessa.be\/#website"},"primaryImageOfPage":{"@id":"https:\/\/aedesgazette.aedessa.be\/nl\/formulier-drop-day\/#primaryimage"},"image":{"@id":"https:\/\/aedesgazette.aedessa.be\/nl\/formulier-drop-day\/#primaryimage"},"thumbnailUrl":"https:\/\/aedesgazette.aedessa.be\/wp-content\/uploads\/2026\/01\/Aedes-DD-form.jpg","datePublished":"2026-01-26T15:10:10+00:00","dateModified":"2026-03-25T12:45:19+00:00","breadcrumb":{"@id":"https:\/\/aedesgazette.aedessa.be\/nl\/formulier-drop-day\/#breadcrumb"},"inLanguage":"nl-NL","potentialAction":[{"@type":"ReadAction","target":["https:\/\/aedesgazette.aedessa.be\/nl\/formulier-drop-day\/"]}]},{"@type":"ImageObject","inLanguage":"nl-NL","@id":"https:\/\/aedesgazette.aedessa.be\/nl\/formulier-drop-day\/#primaryimage","url":"https:\/\/aedesgazette.aedessa.be\/wp-content\/uploads\/2026\/01\/Aedes-DD-form.jpg","contentUrl":"https:\/\/aedesgazette.aedessa.be\/wp-content\/uploads\/2026\/01\/Aedes-DD-form.jpg","width":1000,"height":1000},{"@type":"BreadcrumbList","@id":"https:\/\/aedesgazette.aedessa.be\/nl\/formulier-drop-day\/#breadcrumb","itemListElement":[{"@type":"ListItem","position":1,"name":"Home","item":"https:\/\/aedesgazette.aedessa.be\/"},{"@type":"ListItem","position":2,"name":"Formulier \ud83e\ude82"}]},{"@type":"WebSite","@id":"https:\/\/aedesgazette.aedessa.be\/#website","url":"https:\/\/aedesgazette.aedessa.be\/","name":"Aedes Gazette","description":"","potentialAction":[{"@type":"SearchAction","target":{"@type":"EntryPoint","urlTemplate":"https:\/\/aedesgazette.aedessa.be\/?s={search_term_string}"},"query-input":{"@type":"PropertyValueSpecification","valueRequired":true,"valueName":"search_term_string"}}],"inLanguage":"nl-NL"}]}},"_links":{"self":[{"href":"https:\/\/aedesgazette.aedessa.be\/nl\/wp-json\/wp\/v2\/pages\/12823","targetHints":{"allow":["GET"]}}],"collection":[{"href":"https:\/\/aedesgazette.aedessa.be\/nl\/wp-json\/wp\/v2\/pages"}],"about":[{"href":"https:\/\/aedesgazette.aedessa.be\/nl\/wp-json\/wp\/v2\/types\/page"}],"author":[{"embeddable":true,"href":"https:\/\/aedesgazette.aedessa.be\/nl\/wp-json\/wp\/v2\/users\/17"}],"replies":[{"embeddable":true,"href":"https:\/\/aedesgazette.aedessa.be\/nl\/wp-json\/wp\/v2\/comments?post=12823"}],"version-history":[{"count":7,"href":"https:\/\/aedesgazette.aedessa.be\/nl\/wp-json\/wp\/v2\/pages\/12823\/revisions"}],"predecessor-version":[{"id":13097,"href":"https:\/\/aedesgazette.aedessa.be\/nl\/wp-json\/wp\/v2\/pages\/12823\/revisions\/13097"}],"wp:featuredmedia":[{"embeddable":true,"href":"https:\/\/aedesgazette.aedessa.be\/nl\/wp-json\/wp\/v2\/media\/12817"}],"wp:attachment":[{"href":"https:\/\/aedesgazette.aedessa.be\/nl\/wp-json\/wp\/v2\/media?parent=12823"}],"curies":[{"name":"wp","href":"https:\/\/api.w.org\/{rel}","templated":true}]}}